{"id":4,"date":"2017-04-03T10:14:52","date_gmt":"2017-04-03T08:14:52","guid":{"rendered":"http:\/\/arthurfischercolbrie.at\/?page_id=4"},"modified":"2020-05-20T08:58:40","modified_gmt":"2020-05-20T06:58:40","slug":"arts","status":"publish","type":"page","link":"https:\/\/arthurfischercolbrie.com\/en\/arts\/","title":{"rendered":"arts"},"content":{"rendered":"<p><em><strong><font size=\"+2\" color=\"#666666\" style=\"line-height:1.2\">Imagination knows only one limit, that which it sets for itself.<\/font><\/strong><\/em><\/p>\n<p><img loading=\"lazy\" decoding=\"async\" class=\"alignnone wp-image-189 size-full\" src=\"http:\/\/arthurfischercolbrie.at\/wp-content\/uploads\/2017\/04\/bild_arts.jpg\" alt=\"\" width=\"750\" height=\"320\" srcset=\"https:\/\/arthurfischercolbrie.com\/wp-content\/uploads\/2017\/04\/bild_arts.jpg 750w, https:\/\/arthurfischercolbrie.com\/wp-content\/uploads\/2017\/04\/bild_arts-300x128.jpg 300w\" sizes=\"auto, (max-width: 706px) 89vw, (max-width: 767px) 82vw, 740px\" \/><br \/>\n<\/br><br \/>\nAcrylic paints, various putties and charcoal have proven themselves to be the ideal main materials for my spontaneous and intuitive style of working. Thanks to their high tension and strength, canvas backgrounds allow thick layers and vigorous application, also with a palette knife.<\/p>\n<p>Working at speed allows me to fully immerse and submerge in the world of colours and shapes. Abstraction and playing with colours are my passions when it comes to art (and have been since I first started painting). My style is characterised by long, even, curved strokes that make my works easy to recognise. I express feelings and emotions from the pit of the stomach. The characteristics of the rough and uneven base surfaces highlight and support the abstract style. Bold colours people know from the pop art scene catch the eye with their brightness, and the interplay between them means new details are always emerging. In highlighting details lies another point of abstraction, such as with the big eyes of American painter Margaret D. H. Keane\u2019s earlier works. This style can also be seen in female manga figures.<\/p>\n<p><strong>Art CV<\/strong><\/p>\n<p><strong>2005<\/strong> &#8211; Began painting (self-taught), inspiration Felizia Wolf<br \/>\n<strong>2005<\/strong> &#8211; Various sculptural works<br \/>\n<strong>2006<\/strong> &#8211; Course in abstract painting (Adult Education Centre)<br \/>\n<strong>2007<\/strong> &#8211; Drawing course with Peter Schrittwieser (Graz)<br \/>\n<strong>2007<\/strong> &#8211; Art project at \u201cC\u2019est la vie\u201d (Graz)<br \/>\n<strong>2008<\/strong> &#8211; Painting course in Graz area for children and young people<br \/>\n<strong>2009<\/strong> &#8211; Artistic break (personal reasons)<br \/>\n<strong>2016<\/strong> &#8211; Began painting again thanks to fresh inspiration<br \/>\n<strong>2017<\/strong> &#8211; Various design and painting works<br \/>\nLong-term exhibition at Graz University of Technology<br \/>\nExhibition and opening at \u201cBar Lounge MELS\u201d (Graz)<br \/>\nExhibition and opening at \u201cLA VITA\u201d (Graz)<br \/>\nExhibition and opening at \u201cNAIL BOUTIQUE\u201d (Zurich)<br \/>\n<strong>2018<\/strong> &#8211; Various design and painting works<br \/>\nOpening at Alegri AG in Glattpark (CH)<br \/>\nExhibition and opening at Hotel-Gasthof L\u00d6WEN (Vaduz &#8211; Liechtenstein)<br \/>\nExhibition and opening at Galerie Lindenhof &#8211; (Zurich)<br \/>\n<strong>2019<\/strong> &#8211; Various design and painting works<br \/>\nCourse in portrait painting with Barbara Ellmerer (Zurich)<br \/>\nExhibition and opening at Kellergalerie (Zurich)<br \/>\nExhibition on Wopart &#8211; (Lugano)<br \/>\n<strong>2020<\/strong> &#8211; Various design and painting works<br \/>\nDrawing course with Andreas Frei (Zurich)<br \/>\n<\/br><br \/>\n<\/br><br \/>\n<\/br><\/p>\n<hr \/>\n<p><\/p>","protected":false},"excerpt":{"rendered":"<p>Imagination knows only one limit, that which it sets for itself. Acrylic paints, various putties and charcoal have proven themselves to be the ideal main materials for my spontaneous and intuitive style of working. Thanks to their high tension and strength, canvas backgrounds allow thick layers and vigorous application, also with a palette knife. Working &hellip; <\/p>\n<p class=\"link-more\"><a href=\"https:\/\/arthurfischercolbrie.com\/en\/arts\/\" class=\"more-link\">Continue reading<span class=\"screen-reader-text\"> &#8220;arts&#8221;<\/span><\/a><\/p>\n","protected":false},"author":1,"featured_media":89,"parent":0,"menu_order":2,"comment_status":"closed","ping_status":"closed","template":"","meta":{"footnotes":""},"class_list":["post-4","page","type-page","status-publish","has-post-thumbnail","hentry"],"yoast_head":"<!-- This site is optimized with the Yoast SEO plugin v26.6 - https:\/\/yoast.com\/wordpress\/plugins\/seo\/ -->\n<title>arts - Arthur Fischer Colbrie<\/title>\n<meta name=\"description\" content=\"(Deutsch) Mein k\u00fcnstlerischer Werdegang und meine Vita sind durchg\u00e4ngig durch meine spontane und intuitive Arbeits- und Herangehensweise gepr\u00e4gt.\" \/>\n<meta name=\"robots\" content=\"index, follow, max-snippet:-1, max-image-preview:large, max-video-preview:-1\" \/>\n<link rel=\"canonical\" href=\"https:\/\/arthurfischercolbrie.com\/en\/arts\/\" \/>\n<meta property=\"og:locale\" content=\"en_US\" \/>\n<meta property=\"og:type\" content=\"article\" \/>\n<meta property=\"og:title\" content=\"arts - Arthur Fischer Colbrie\" \/>\n<meta property=\"og:description\" content=\"(Deutsch) Mein k\u00fcnstlerischer Werdegang und meine Vita sind durchg\u00e4ngig durch meine spontane und intuitive Arbeits- und Herangehensweise gepr\u00e4gt.\" \/>\n<meta property=\"og:url\" content=\"https:\/\/arthurfischercolbrie.com\/en\/arts\/\" \/>\n<meta property=\"og:site_name\" content=\"Arthur Fischer Colbrie\" \/>\n<meta property=\"article:modified_time\" content=\"2020-05-20T06:58:40+00:00\" \/>\n<meta property=\"og:image\" content=\"https:\/\/arthurfischercolbrie.com\/wp-content\/uploads\/2017\/04\/afc_arts-1024x683.png\" \/>\n\t<meta property=\"og:image:width\" content=\"1024\" \/>\n\t<meta property=\"og:image:height\" content=\"683\" \/>\n\t<meta property=\"og:image:type\" content=\"image\/png\" \/>\n<meta name=\"twitter:card\" content=\"summary_large_image\" \/>\n<meta name=\"twitter:label1\" content=\"Est. reading time\" \/>\n\t<meta name=\"twitter:data1\" content=\"4 minutes\" \/>\n<script type=\"application\/ld+json\" class=\"yoast-schema-graph\">{\"@context\":\"https:\/\/schema.org\",\"@graph\":[{\"@type\":\"WebPage\",\"@id\":\"https:\/\/arthurfischercolbrie.com\/en\/arts\/\",\"url\":\"https:\/\/arthurfischercolbrie.com\/en\/arts\/\",\"name\":\"arts - Arthur Fischer Colbrie\",\"isPartOf\":{\"@id\":\"https:\/\/arthurfischercolbrie.com\/#website\"},\"primaryImageOfPage\":{\"@id\":\"https:\/\/arthurfischercolbrie.com\/en\/arts\/#primaryimage\"},\"image\":{\"@id\":\"https:\/\/arthurfischercolbrie.com\/en\/arts\/#primaryimage\"},\"thumbnailUrl\":\"https:\/\/arthurfischercolbrie.com\/wp-content\/uploads\/2017\/04\/afc_arts.png\",\"datePublished\":\"2017-04-03T08:14:52+00:00\",\"dateModified\":\"2020-05-20T06:58:40+00:00\",\"description\":\"(Deutsch) Mein k\u00fcnstlerischer Werdegang und meine Vita sind durchg\u00e4ngig durch meine spontane und intuitive Arbeits- und Herangehensweise gepr\u00e4gt.\",\"breadcrumb\":{\"@id\":\"https:\/\/arthurfischercolbrie.com\/en\/arts\/#breadcrumb\"},\"inLanguage\":\"en-US\",\"potentialAction\":[{\"@type\":\"ReadAction\",\"target\":[\"https:\/\/arthurfischercolbrie.com\/en\/arts\/\"]}]},{\"@type\":\"ImageObject\",\"inLanguage\":\"en-US\",\"@id\":\"https:\/\/arthurfischercolbrie.com\/en\/arts\/#primaryimage\",\"url\":\"https:\/\/arthurfischercolbrie.com\/wp-content\/uploads\/2017\/04\/afc_arts.png\",\"contentUrl\":\"https:\/\/arthurfischercolbrie.com\/wp-content\/uploads\/2017\/04\/afc_arts.png\",\"width\":1920,\"height\":1280},{\"@type\":\"BreadcrumbList\",\"@id\":\"https:\/\/arthurfischercolbrie.com\/en\/arts\/#breadcrumb\",\"itemListElement\":[{\"@type\":\"ListItem\",\"position\":1,\"name\":\"Startseite\",\"item\":\"https:\/\/arthurfischercolbrie.com\/\"},{\"@type\":\"ListItem\",\"position\":2,\"name\":\"arts\"}]},{\"@type\":\"WebSite\",\"@id\":\"https:\/\/arthurfischercolbrie.com\/#website\",\"url\":\"https:\/\/arthurfischercolbrie.com\/\",\"name\":\"Arthur Fischer Colbrie\",\"description\":\"arts coaching design\",\"publisher\":{\"@id\":\"https:\/\/arthurfischercolbrie.com\/#\/schema\/person\/59d35fcae399446a42c59b5f758315fa\"},\"potentialAction\":[{\"@type\":\"SearchAction\",\"target\":{\"@type\":\"EntryPoint\",\"urlTemplate\":\"https:\/\/arthurfischercolbrie.com\/?s={search_term_string}\"},\"query-input\":{\"@type\":\"PropertyValueSpecification\",\"valueRequired\":true,\"valueName\":\"search_term_string\"}}],\"inLanguage\":\"en-US\"},{\"@type\":[\"Person\",\"Organization\"],\"@id\":\"https:\/\/arthurfischercolbrie.com\/#\/schema\/person\/59d35fcae399446a42c59b5f758315fa\",\"name\":\"arthurfischer\",\"image\":{\"@type\":\"ImageObject\",\"inLanguage\":\"en-US\",\"@id\":\"https:\/\/arthurfischercolbrie.com\/#\/schema\/person\/image\/\",\"url\":\"https:\/\/arthurfischercolbrie.com\/wp-content\/uploads\/2017\/08\/cropped-afc_logo_4c_neg600-2.png\",\"contentUrl\":\"https:\/\/arthurfischercolbrie.com\/wp-content\/uploads\/2017\/08\/cropped-afc_logo_4c_neg600-2.png\",\"width\":321,\"height\":250,\"caption\":\"arthurfischer\"},\"logo\":{\"@id\":\"https:\/\/arthurfischercolbrie.com\/#\/schema\/person\/image\/\"}}]}<\/script>\n<!-- \/ Yoast SEO plugin. -->","yoast_head_json":{"title":"arts - Arthur Fischer Colbrie","description":"(Deutsch) Mein k\u00fcnstlerischer Werdegang und meine Vita sind durchg\u00e4ngig durch meine spontane und intuitive Arbeits- und Herangehensweise gepr\u00e4gt.","robots":{"index":"index","follow":"follow","max-snippet":"max-snippet:-1","max-image-preview":"max-image-preview:large","max-video-preview":"max-video-preview:-1"},"canonical":"https:\/\/arthurfischercolbrie.com\/en\/arts\/","og_locale":"en_US","og_type":"article","og_title":"arts - Arthur Fischer Colbrie","og_description":"(Deutsch) Mein k\u00fcnstlerischer Werdegang und meine Vita sind durchg\u00e4ngig durch meine spontane und intuitive Arbeits- und Herangehensweise gepr\u00e4gt.","og_url":"https:\/\/arthurfischercolbrie.com\/en\/arts\/","og_site_name":"Arthur Fischer Colbrie","article_modified_time":"2020-05-20T06:58:40+00:00","og_image":[{"width":1024,"height":683,"url":"https:\/\/arthurfischercolbrie.com\/wp-content\/uploads\/2017\/04\/afc_arts-1024x683.png","type":"image\/png"}],"twitter_card":"summary_large_image","twitter_misc":{"Est. reading time":"4 minutes"},"schema":{"@context":"https:\/\/schema.org","@graph":[{"@type":"WebPage","@id":"https:\/\/arthurfischercolbrie.com\/en\/arts\/","url":"https:\/\/arthurfischercolbrie.com\/en\/arts\/","name":"arts - Arthur Fischer Colbrie","isPartOf":{"@id":"https:\/\/arthurfischercolbrie.com\/#website"},"primaryImageOfPage":{"@id":"https:\/\/arthurfischercolbrie.com\/en\/arts\/#primaryimage"},"image":{"@id":"https:\/\/arthurfischercolbrie.com\/en\/arts\/#primaryimage"},"thumbnailUrl":"https:\/\/arthurfischercolbrie.com\/wp-content\/uploads\/2017\/04\/afc_arts.png","datePublished":"2017-04-03T08:14:52+00:00","dateModified":"2020-05-20T06:58:40+00:00","description":"(Deutsch) Mein k\u00fcnstlerischer Werdegang und meine Vita sind durchg\u00e4ngig durch meine spontane und intuitive Arbeits- und Herangehensweise gepr\u00e4gt.","breadcrumb":{"@id":"https:\/\/arthurfischercolbrie.com\/en\/arts\/#breadcrumb"},"inLanguage":"en-US","potentialAction":[{"@type":"ReadAction","target":["https:\/\/arthurfischercolbrie.com\/en\/arts\/"]}]},{"@type":"ImageObject","inLanguage":"en-US","@id":"https:\/\/arthurfischercolbrie.com\/en\/arts\/#primaryimage","url":"https:\/\/arthurfischercolbrie.com\/wp-content\/uploads\/2017\/04\/afc_arts.png","contentUrl":"https:\/\/arthurfischercolbrie.com\/wp-content\/uploads\/2017\/04\/afc_arts.png","width":1920,"height":1280},{"@type":"BreadcrumbList","@id":"https:\/\/arthurfischercolbrie.com\/en\/arts\/#breadcrumb","itemListElement":[{"@type":"ListItem","position":1,"name":"Startseite","item":"https:\/\/arthurfischercolbrie.com\/"},{"@type":"ListItem","position":2,"name":"arts"}]},{"@type":"WebSite","@id":"https:\/\/arthurfischercolbrie.com\/#website","url":"https:\/\/arthurfischercolbrie.com\/","name":"Arthur Fischer Colbrie","description":"arts coaching design","publisher":{"@id":"https:\/\/arthurfischercolbrie.com\/#\/schema\/person\/59d35fcae399446a42c59b5f758315fa"},"potentialAction":[{"@type":"SearchAction","target":{"@type":"EntryPoint","urlTemplate":"https:\/\/arthurfischercolbrie.com\/?s={search_term_string}"},"query-input":{"@type":"PropertyValueSpecification","valueRequired":true,"valueName":"search_term_string"}}],"inLanguage":"en-US"},{"@type":["Person","Organization"],"@id":"https:\/\/arthurfischercolbrie.com\/#\/schema\/person\/59d35fcae399446a42c59b5f758315fa","name":"arthurfischer","image":{"@type":"ImageObject","inLanguage":"en-US","@id":"https:\/\/arthurfischercolbrie.com\/#\/schema\/person\/image\/","url":"https:\/\/arthurfischercolbrie.com\/wp-content\/uploads\/2017\/08\/cropped-afc_logo_4c_neg600-2.png","contentUrl":"https:\/\/arthurfischercolbrie.com\/wp-content\/uploads\/2017\/08\/cropped-afc_logo_4c_neg600-2.png","width":321,"height":250,"caption":"arthurfischer"},"logo":{"@id":"https:\/\/arthurfischercolbrie.com\/#\/schema\/person\/image\/"}}]}},"_links":{"self":[{"href":"https:\/\/arthurfischercolbrie.com\/en\/wp-json\/wp\/v2\/pages\/4","targetHints":{"allow":["GET"]}}],"collection":[{"href":"https:\/\/arthurfischercolbrie.com\/en\/wp-json\/wp\/v2\/pages"}],"about":[{"href":"https:\/\/arthurfischercolbrie.com\/en\/wp-json\/wp\/v2\/types\/page"}],"author":[{"embeddable":true,"href":"https:\/\/arthurfischercolbrie.com\/en\/wp-json\/wp\/v2\/users\/1"}],"replies":[{"embeddable":true,"href":"https:\/\/arthurfischercolbrie.com\/en\/wp-json\/wp\/v2\/comments?post=4"}],"version-history":[{"count":10,"href":"https:\/\/arthurfischercolbrie.com\/en\/wp-json\/wp\/v2\/pages\/4\/revisions"}],"predecessor-version":[{"id":851,"href":"https:\/\/arthurfischercolbrie.com\/en\/wp-json\/wp\/v2\/pages\/4\/revisions\/851"}],"wp:featuredmedia":[{"embeddable":true,"href":"https:\/\/arthurfischercolbrie.com\/en\/wp-json\/wp\/v2\/media\/89"}],"wp:attachment":[{"href":"https:\/\/arthurfischercolbrie.com\/en\/wp-json\/wp\/v2\/media?parent=4"}],"curies":[{"name":"wp","href":"https:\/\/api.w.org\/{rel}","templated":true}]}}