{"id":62,"date":"2017-08-02T15:53:21","date_gmt":"2017-08-02T13:53:21","guid":{"rendered":"http:\/\/arthurfischercolbrie.at\/?page_id=62"},"modified":"2023-09-25T00:58:45","modified_gmt":"2023-09-24T22:58:45","slug":"gallery","status":"publish","type":"page","link":"https:\/\/arthurfischercolbrie.com\/en\/gallery\/","title":{"rendered":"gallery"},"content":{"rendered":"<p><em><strong><font size=\"+2\" color=\"#666666\" style=\"line-height:1.2\">Art does not reproduce the visible &#8211; it makes things visible.<\/font><\/strong><\/em><br \/>\n<font size=\"-1\">Paul Klee<\/font><\/p>\n<p><img loading=\"lazy\" decoding=\"async\" class=\"alignnone wp-image-258 size-full\" src=\"http:\/\/arthurfischercolbrie.at\/wp-content\/uploads\/2017\/08\/bild_gallerie.jpg\" alt=\"\" width=\"720\" height=\"320\" srcset=\"https:\/\/arthurfischercolbrie.com\/wp-content\/uploads\/2017\/08\/bild_gallerie.jpg 720w, https:\/\/arthurfischercolbrie.com\/wp-content\/uploads\/2017\/08\/bild_gallerie-300x133.jpg 300w\" sizes=\"auto, (max-width: 720px) 100vw, 720px\" \/><br \/>\n<\/br><br \/>\nIn this gallery area a selection of my pictures will give you an impression of my technique and my style. To see a larger view and read a description of a picture, just click on the thumbnail image.<\/p>\n<p><\/br><br \/>\n<a href=\"\/artworks-2006\/\">Artworks 2006<\/a><br \/>\n<a href=\"\/artworks-2007\/\">Artworks 2007<\/a><br \/>\n<a href=\"\/artworks-2008\/\">Artworks 2008<\/a><br \/>\n<a href=\"\/artworks-2009\/\">Artworks 2009<\/a><br \/>\n<a href=\"\/artworks-2017\/\">Artworks 2017<\/a><br \/>\n<a href=\"\/artworks-2018\/\">Artworks 2018<\/a><br \/>\n<a href=\"\/artworks-2019\/\">Artworks 2019<\/a><br \/>\n<a href=\"\/artworks-2020\/\">Artworks 2020<\/a><br \/>\n<a href=\"\/artworks-2021\/\">Artworks 2021<\/a><br \/>\n<a href=\"\/artworks-2022\/\">Artworks 2022<\/a><br \/>\n<\/br><br \/>\n<a href=\"\/nft-arts-on-blockchain\/\">NFT &#8211; arts on blockchain<\/a><br \/>\n<\/br><br \/>\n<\/br><\/p>\n<hr \/>\n<p><\/p>","protected":false},"excerpt":{"rendered":"<p>Art does not reproduce the visible &#8211; it makes things visible. Paul Klee In this gallery area a selection of my pictures will give you an impression of my technique and my style. To see a larger view and read a description of a picture, just click on the thumbnail image. Artworks 2006 Artworks 2007 &hellip; <\/p>\n<p class=\"link-more\"><a href=\"https:\/\/arthurfischercolbrie.com\/en\/gallery\/\" class=\"more-link\">Continue reading<span class=\"screen-reader-text\"> &#8220;gallery&#8221;<\/span><\/a><\/p>\n","protected":false},"author":1,"featured_media":0,"parent":0,"menu_order":6,"comment_status":"closed","ping_status":"closed","template":"","meta":{"footnotes":""},"class_list":["post-62","page","type-page","status-publish","hentry"],"yoast_head":"<!-- This site is optimized with the Yoast SEO plugin v26.6 - https:\/\/yoast.com\/wordpress\/plugins\/seo\/ -->\n<title>gallery - Arthur Fischer Colbrie<\/title>\n<meta name=\"description\" content=\"(Deutsch) In dieser Galerie erhalten Sie einen \u00dcberblick von meinen Werken und Eindr\u00fccke \u00fcber Technik und Arbeitsweise.\" \/>\n<meta name=\"robots\" content=\"index, follow, max-snippet:-1, max-image-preview:large, max-video-preview:-1\" \/>\n<link rel=\"canonical\" href=\"https:\/\/arthurfischercolbrie.com\/gallery\/\" \/>\n<meta property=\"og:locale\" content=\"en_US\" \/>\n<meta property=\"og:type\" content=\"article\" \/>\n<meta property=\"og:title\" content=\"gallery - Arthur Fischer Colbrie\" \/>\n<meta property=\"og:description\" content=\"{:de}In dieser Galerie erhalten Sie einen \u00dcberblick von meinen Werken und Eindr\u00fccke \u00fcber Technik und Arbeitsweise.{:}\" \/>\n<meta property=\"og:url\" content=\"https:\/\/arthurfischercolbrie.com\/gallery\/\" \/>\n<meta property=\"og:site_name\" content=\"Arthur Fischer Colbrie\" \/>\n<meta property=\"article:modified_time\" content=\"2023-09-24T22:58:45+00:00\" \/>\n<meta property=\"og:image\" content=\"http:\/\/arthurfischercolbrie.at\/wp-content\/uploads\/2017\/08\/bild_gallerie.jpg\" \/>\n<meta name=\"twitter:card\" content=\"summary_large_image\" \/>\n<meta name=\"twitter:label1\" content=\"Est. reading time\" \/>\n\t<meta name=\"twitter:data1\" content=\"2 minutes\" \/>\n<script type=\"application\/ld+json\" class=\"yoast-schema-graph\">{\"@context\":\"https:\/\/schema.org\",\"@graph\":[{\"@type\":\"WebPage\",\"@id\":\"https:\/\/arthurfischercolbrie.com\/gallery\/\",\"url\":\"https:\/\/arthurfischercolbrie.com\/gallery\/\",\"name\":\"gallery - Arthur Fischer Colbrie\",\"isPartOf\":{\"@id\":\"https:\/\/arthurfischercolbrie.com\/#website\"},\"primaryImageOfPage\":{\"@id\":\"https:\/\/arthurfischercolbrie.com\/gallery\/#primaryimage\"},\"image\":{\"@id\":\"https:\/\/arthurfischercolbrie.com\/gallery\/#primaryimage\"},\"thumbnailUrl\":\"http:\/\/arthurfischercolbrie.at\/wp-content\/uploads\/2017\/08\/bild_gallerie.jpg\",\"datePublished\":\"2017-08-02T13:53:21+00:00\",\"dateModified\":\"2023-09-24T22:58:45+00:00\",\"description\":\"{:de}In dieser Galerie erhalten Sie einen \u00dcberblick von meinen Werken und Eindr\u00fccke \u00fcber Technik und Arbeitsweise.{:}\",\"breadcrumb\":{\"@id\":\"https:\/\/arthurfischercolbrie.com\/gallery\/#breadcrumb\"},\"inLanguage\":\"en-US\",\"potentialAction\":[{\"@type\":\"ReadAction\",\"target\":[\"https:\/\/arthurfischercolbrie.com\/gallery\/\"]}]},{\"@type\":\"ImageObject\",\"inLanguage\":\"en-US\",\"@id\":\"https:\/\/arthurfischercolbrie.com\/gallery\/#primaryimage\",\"url\":\"http:\/\/arthurfischercolbrie.at\/wp-content\/uploads\/2017\/08\/bild_gallerie.jpg\",\"contentUrl\":\"http:\/\/arthurfischercolbrie.at\/wp-content\/uploads\/2017\/08\/bild_gallerie.jpg\"},{\"@type\":\"BreadcrumbList\",\"@id\":\"https:\/\/arthurfischercolbrie.com\/gallery\/#breadcrumb\",\"itemListElement\":[{\"@type\":\"ListItem\",\"position\":1,\"name\":\"Startseite\",\"item\":\"https:\/\/arthurfischercolbrie.com\/\"},{\"@type\":\"ListItem\",\"position\":2,\"name\":\"gallery\"}]},{\"@type\":\"WebSite\",\"@id\":\"https:\/\/arthurfischercolbrie.com\/#website\",\"url\":\"https:\/\/arthurfischercolbrie.com\/\",\"name\":\"Arthur Fischer Colbrie\",\"description\":\"arts coaching design\",\"publisher\":{\"@id\":\"https:\/\/arthurfischercolbrie.com\/#\/schema\/person\/59d35fcae399446a42c59b5f758315fa\"},\"potentialAction\":[{\"@type\":\"SearchAction\",\"target\":{\"@type\":\"EntryPoint\",\"urlTemplate\":\"https:\/\/arthurfischercolbrie.com\/?s={search_term_string}\"},\"query-input\":{\"@type\":\"PropertyValueSpecification\",\"valueRequired\":true,\"valueName\":\"search_term_string\"}}],\"inLanguage\":\"en-US\"},{\"@type\":[\"Person\",\"Organization\"],\"@id\":\"https:\/\/arthurfischercolbrie.com\/#\/schema\/person\/59d35fcae399446a42c59b5f758315fa\",\"name\":\"arthurfischer\",\"image\":{\"@type\":\"ImageObject\",\"inLanguage\":\"en-US\",\"@id\":\"https:\/\/arthurfischercolbrie.com\/#\/schema\/person\/image\/\",\"url\":\"https:\/\/arthurfischercolbrie.com\/wp-content\/uploads\/2017\/08\/cropped-afc_logo_4c_neg600-2.png\",\"contentUrl\":\"https:\/\/arthurfischercolbrie.com\/wp-content\/uploads\/2017\/08\/cropped-afc_logo_4c_neg600-2.png\",\"width\":321,\"height\":250,\"caption\":\"arthurfischer\"},\"logo\":{\"@id\":\"https:\/\/arthurfischercolbrie.com\/#\/schema\/person\/image\/\"}}]}<\/script>\n<!-- \/ Yoast SEO plugin. -->","yoast_head_json":{"title":"gallery - Arthur Fischer Colbrie","description":"(Deutsch) In dieser Galerie erhalten Sie einen \u00dcberblick von meinen Werken und Eindr\u00fccke \u00fcber Technik und Arbeitsweise.","robots":{"index":"index","follow":"follow","max-snippet":"max-snippet:-1","max-image-preview":"max-image-preview:large","max-video-preview":"max-video-preview:-1"},"canonical":"https:\/\/arthurfischercolbrie.com\/gallery\/","og_locale":"en_US","og_type":"article","og_title":"gallery - Arthur Fischer Colbrie","og_description":"{:de}In dieser Galerie erhalten Sie einen \u00dcberblick von meinen Werken und Eindr\u00fccke \u00fcber Technik und Arbeitsweise.{:}","og_url":"https:\/\/arthurfischercolbrie.com\/gallery\/","og_site_name":"Arthur Fischer Colbrie","article_modified_time":"2023-09-24T22:58:45+00:00","og_image":[{"url":"http:\/\/arthurfischercolbrie.at\/wp-content\/uploads\/2017\/08\/bild_gallerie.jpg","type":"","width":"","height":""}],"twitter_card":"summary_large_image","twitter_misc":{"Est. reading time":"2 minutes"},"schema":{"@context":"https:\/\/schema.org","@graph":[{"@type":"WebPage","@id":"https:\/\/arthurfischercolbrie.com\/gallery\/","url":"https:\/\/arthurfischercolbrie.com\/gallery\/","name":"gallery - Arthur Fischer Colbrie","isPartOf":{"@id":"https:\/\/arthurfischercolbrie.com\/#website"},"primaryImageOfPage":{"@id":"https:\/\/arthurfischercolbrie.com\/gallery\/#primaryimage"},"image":{"@id":"https:\/\/arthurfischercolbrie.com\/gallery\/#primaryimage"},"thumbnailUrl":"http:\/\/arthurfischercolbrie.at\/wp-content\/uploads\/2017\/08\/bild_gallerie.jpg","datePublished":"2017-08-02T13:53:21+00:00","dateModified":"2023-09-24T22:58:45+00:00","description":"{:de}In dieser Galerie erhalten Sie einen \u00dcberblick von meinen Werken und Eindr\u00fccke \u00fcber Technik und Arbeitsweise.{:}","breadcrumb":{"@id":"https:\/\/arthurfischercolbrie.com\/gallery\/#breadcrumb"},"inLanguage":"en-US","potentialAction":[{"@type":"ReadAction","target":["https:\/\/arthurfischercolbrie.com\/gallery\/"]}]},{"@type":"ImageObject","inLanguage":"en-US","@id":"https:\/\/arthurfischercolbrie.com\/gallery\/#primaryimage","url":"http:\/\/arthurfischercolbrie.at\/wp-content\/uploads\/2017\/08\/bild_gallerie.jpg","contentUrl":"http:\/\/arthurfischercolbrie.at\/wp-content\/uploads\/2017\/08\/bild_gallerie.jpg"},{"@type":"BreadcrumbList","@id":"https:\/\/arthurfischercolbrie.com\/gallery\/#breadcrumb","itemListElement":[{"@type":"ListItem","position":1,"name":"Startseite","item":"https:\/\/arthurfischercolbrie.com\/"},{"@type":"ListItem","position":2,"name":"gallery"}]},{"@type":"WebSite","@id":"https:\/\/arthurfischercolbrie.com\/#website","url":"https:\/\/arthurfischercolbrie.com\/","name":"Arthur Fischer Colbrie","description":"arts coaching design","publisher":{"@id":"https:\/\/arthurfischercolbrie.com\/#\/schema\/person\/59d35fcae399446a42c59b5f758315fa"},"potentialAction":[{"@type":"SearchAction","target":{"@type":"EntryPoint","urlTemplate":"https:\/\/arthurfischercolbrie.com\/?s={search_term_string}"},"query-input":{"@type":"PropertyValueSpecification","valueRequired":true,"valueName":"search_term_string"}}],"inLanguage":"en-US"},{"@type":["Person","Organization"],"@id":"https:\/\/arthurfischercolbrie.com\/#\/schema\/person\/59d35fcae399446a42c59b5f758315fa","name":"arthurfischer","image":{"@type":"ImageObject","inLanguage":"en-US","@id":"https:\/\/arthurfischercolbrie.com\/#\/schema\/person\/image\/","url":"https:\/\/arthurfischercolbrie.com\/wp-content\/uploads\/2017\/08\/cropped-afc_logo_4c_neg600-2.png","contentUrl":"https:\/\/arthurfischercolbrie.com\/wp-content\/uploads\/2017\/08\/cropped-afc_logo_4c_neg600-2.png","width":321,"height":250,"caption":"arthurfischer"},"logo":{"@id":"https:\/\/arthurfischercolbrie.com\/#\/schema\/person\/image\/"}}]}},"_links":{"self":[{"href":"https:\/\/arthurfischercolbrie.com\/en\/wp-json\/wp\/v2\/pages\/62","targetHints":{"allow":["GET"]}}],"collection":[{"href":"https:\/\/arthurfischercolbrie.com\/en\/wp-json\/wp\/v2\/pages"}],"about":[{"href":"https:\/\/arthurfischercolbrie.com\/en\/wp-json\/wp\/v2\/types\/page"}],"author":[{"embeddable":true,"href":"https:\/\/arthurfischercolbrie.com\/en\/wp-json\/wp\/v2\/users\/1"}],"replies":[{"embeddable":true,"href":"https:\/\/arthurfischercolbrie.com\/en\/wp-json\/wp\/v2\/comments?post=62"}],"version-history":[{"count":11,"href":"https:\/\/arthurfischercolbrie.com\/en\/wp-json\/wp\/v2\/pages\/62\/revisions"}],"predecessor-version":[{"id":1083,"href":"https:\/\/arthurfischercolbrie.com\/en\/wp-json\/wp\/v2\/pages\/62\/revisions\/1083"}],"wp:attachment":[{"href":"https:\/\/arthurfischercolbrie.com\/en\/wp-json\/wp\/v2\/media?parent=62"}],"curies":[{"name":"wp","href":"https:\/\/api.w.org\/{rel}","templated":true}]}}