{"id":940,"date":"2020-08-21T08:29:27","date_gmt":"2020-08-21T06:29:27","guid":{"rendered":"https:\/\/arthurfischercolbrie.at\/?page_id=940"},"modified":"2020-08-21T11:19:05","modified_gmt":"2020-08-21T09:19:05","slug":"kunst-vom-fliessband-werkhalle-siebnen","status":"publish","type":"page","link":"https:\/\/arthurfischercolbrie.com\/en\/exhibitions\/kunst-vom-fliessband-werkhalle-siebnen\/","title":{"rendered":"Kunst vom Fliessband &#8211; Werkhalle Siebnen"},"content":{"rendered":"<p><em><strong><font size=\"+2\" color=\"#666666\" style=\"line-height:1.2\">KUNST VOM FLIESSBAND<\/font><\/strong><\/em><\/p>\n<p><img loading=\"lazy\" decoding=\"async\" class=\"alignnone wp-image-944 size-full\" src=\"https:\/\/arthurfischercolbrie.at\/wp-content\/uploads\/2020\/08\/kunst_vom_fliessband.jpg\" alt=\"Kunst vom Fliessband\" width=\"750\" height=\"320\" srcset=\"https:\/\/arthurfischercolbrie.com\/wp-content\/uploads\/2020\/08\/kunst_vom_fliessband.jpg 750w, https:\/\/arthurfischercolbrie.com\/wp-content\/uploads\/2020\/08\/kunst_vom_fliessband-300x128.jpg 300w\" sizes=\"auto, (max-width: 706px) 89vw, (max-width: 767px) 82vw, 740px\" \/><\/p>\n<p>Artists of the Schwyz artists&#8217; association and guest artists meet for the performance &#8220;KUNST VOM FLIESSBAND&#8221; and exhibit their works with the focus on &#8220;nude-body-human&#8221;.<br \/>\nI am happy that I can be there.<\/p>\n<p><strong><font size=\"+2\" color=\"#666666\" style=\"line-height:1.2\">Werkhalle 30A<br \/>\nZ\u00fcrcherstrasse 30A<br \/>\nCH-8854 Siebnen<\/font><\/strong><\/p>\n<p><strong><font size=\"+2\" color=\"#666666\" style=\"line-height:1.2\">Exhibition<\/font><\/strong><br \/>\n<font size=\"+1\" style=\"line-height:1.2\">29th August 2020, from 10:00 am to 4:00 pm<br \/>\n30th August 2020, from 10:00 am to 4:00 pm<\/font> <\/p>\n<p><strong><font size=\"+2\" color=\"#666666\" style=\"line-height:1.2\">Work on the assembly line<\/font><\/strong><br \/>\n<font size=\"+1\" style=\"line-height:1.2\">2on both exhibiton days<br \/>\nfrom 10:00 am to 12:00 am and from 2:00 pm to 4:00 pm<\/font><\/p>\n<p><strong>Admission is free!<\/strong><\/p>\n<hr \/>\n<p>Around 20 artists produce graphic art on the assembly line. They sit next to each other &#8211; at a distance of at least 1.50 m &#8211; on a 30 m long assembly line in the airy and spacious Werkhalle 30A. They draw, paint, spray, glue, print, etc. on a seemingly endless strip of paper from a roll. Every few minutes the strip is pulled and the next person continues to work on the artwork the others have started. At the end of the board, the long work is cut up for sold to the visitors.<\/p>\n<p>Artworks can be purchased and taken straight away. The voluntary work of the <strong>Kunst Schwyz<\/strong> association will be supported with 10 percent of the income.<\/p>\n<hr \/>\n<p><strong>Participating artists:<\/strong><br \/>\nChantal Hediger &#8211; Thomas W\u00fcthrich &#8211; Abdul Rehmtulla &#8211; Irene Reichmuth &#8211; Arthur Fischer-Colbrie &#8211; Valentin Walter &#8211; Maria Brunold &#8211; Emmy Nussbaumer &#8211; Andrea B\u00fcrgler &#8211; Elisabeth Gnehm &#8211; schlafendehundewecken &#8211; Paul Malina &#8211; Jakob Waldesb\u00fchl &#8211; Ir\u00e8ne H\u00e4nni &#8211; Jana Jaun &#8211; Emre Baykal &#8211; Urs Martin Traber &#8211; Eva Gratzl<\/p>\n<hr \/>\n<p><a href=\"http:\/\/kunstschwyz.ch\/agenda\/kunst-vom-fliessband-ausstellung-performance-gruppenausstellung\/\" target=\"_blank\" rel=\"noopener noreferrer\"><strong>Link to the event page<\/strong><\/a><\/p>","protected":false},"excerpt":{"rendered":"<p>KUNST VOM FLIESSBAND Artists of the Schwyz artists&#8217; association and guest artists meet for the performance &#8220;KUNST VOM FLIESSBAND&#8221; and exhibit their works with the focus on &#8220;nude-body-human&#8221;. I am happy that I can be there. Werkhalle 30A Z\u00fcrcherstrasse 30A CH-8854 Siebnen Exhibition 29th August 2020, from 10:00 am to 4:00 pm 30th August 2020, &hellip; <\/p>\n<p class=\"link-more\"><a href=\"https:\/\/arthurfischercolbrie.com\/en\/exhibitions\/kunst-vom-fliessband-werkhalle-siebnen\/\" class=\"more-link\">Continue reading<span class=\"screen-reader-text\"> &#8220;Kunst vom Fliessband &#8211; Werkhalle Siebnen&#8221;<\/span><\/a><\/p>\n","protected":false},"author":1,"featured_media":0,"parent":342,"menu_order":5,"comment_status":"closed","ping_status":"closed","template":"","meta":{"footnotes":""},"class_list":["post-940","page","type-page","status-publish","hentry"],"yoast_head":"<!-- This site is optimized with the Yoast SEO plugin v26.6 - https:\/\/yoast.com\/wordpress\/plugins\/seo\/ -->\n<title>Kunst vom Fliessband - Werkhalle Siebnen - Arthur Fischer Colbrie<\/title>\n<meta name=\"description\" content=\"Bis zu 20 K\u00fcnstlerInnen produzieren Kunst vom Fliessband. In der Werkhalle 30A in Siebnen erwartet die Besucher eine besondere Performance.\" \/>\n<meta name=\"robots\" content=\"index, follow, max-snippet:-1, max-image-preview:large, max-video-preview:-1\" \/>\n<link rel=\"canonical\" href=\"https:\/\/arthurfischercolbrie.com\/exhibitions\/kunst-vom-fliessband-werkhalle-siebnen\/\" \/>\n<meta property=\"og:locale\" content=\"en_US\" \/>\n<meta property=\"og:type\" content=\"article\" \/>\n<meta property=\"og:title\" content=\"Kunst vom Fliessband in der Werkhalle 30A, Siebnen\" \/>\n<meta property=\"og:description\" content=\"Bis zu 20 K\u00fcnstlerInnen produzieren Kunst vom Fliessband. In der Werkhalle 30A in Siebnen erwartet die Besucher eine besondere Performance.\" \/>\n<meta property=\"og:url\" content=\"https:\/\/arthurfischercolbrie.com\/exhibitions\/kunst-vom-fliessband-werkhalle-siebnen\/\" \/>\n<meta property=\"og:site_name\" content=\"Arthur Fischer Colbrie\" \/>\n<meta property=\"article:modified_time\" content=\"2020-08-21T09:19:05+00:00\" \/>\n<meta property=\"og:image\" content=\"https:\/\/arthurfischercolbrie.com\/wp-content\/uploads\/2020\/08\/kunst_vom_fliessband.jpg\" \/>\n\t<meta property=\"og:image:width\" content=\"750\" \/>\n\t<meta property=\"og:image:height\" content=\"320\" \/>\n\t<meta property=\"og:image:type\" content=\"image\/jpeg\" \/>\n<meta name=\"twitter:card\" content=\"summary_large_image\" \/>\n<meta name=\"twitter:title\" content=\"Kunst vom Fliessband in der Werkhalle 30A, Siebnen\" \/>\n<meta name=\"twitter:image\" content=\"https:\/\/arthurfischercolbrie.com\/wp-content\/uploads\/2020\/08\/kunst_vom_fliessband.jpg\" \/>\n<meta name=\"twitter:label1\" content=\"Est. reading time\" \/>\n\t<meta name=\"twitter:data1\" content=\"3 minutes\" \/>\n<script type=\"application\/ld+json\" class=\"yoast-schema-graph\">{\"@context\":\"https:\/\/schema.org\",\"@graph\":[{\"@type\":\"WebPage\",\"@id\":\"https:\/\/arthurfischercolbrie.com\/exhibitions\/kunst-vom-fliessband-werkhalle-siebnen\/\",\"url\":\"https:\/\/arthurfischercolbrie.com\/exhibitions\/kunst-vom-fliessband-werkhalle-siebnen\/\",\"name\":\"Kunst vom Fliessband - Werkhalle Siebnen - Arthur Fischer Colbrie\",\"isPartOf\":{\"@id\":\"https:\/\/arthurfischercolbrie.com\/#website\"},\"primaryImageOfPage\":{\"@id\":\"https:\/\/arthurfischercolbrie.com\/exhibitions\/kunst-vom-fliessband-werkhalle-siebnen\/#primaryimage\"},\"image\":{\"@id\":\"https:\/\/arthurfischercolbrie.com\/exhibitions\/kunst-vom-fliessband-werkhalle-siebnen\/#primaryimage\"},\"thumbnailUrl\":\"https:\/\/arthurfischercolbrie.at\/wp-content\/uploads\/2020\/08\/kunst_vom_fliessband.jpg\",\"datePublished\":\"2020-08-21T06:29:27+00:00\",\"dateModified\":\"2020-08-21T09:19:05+00:00\",\"description\":\"Bis zu 20 K\u00fcnstlerInnen produzieren Kunst vom Fliessband. In der Werkhalle 30A in Siebnen erwartet die Besucher eine besondere Performance.\",\"breadcrumb\":{\"@id\":\"https:\/\/arthurfischercolbrie.com\/exhibitions\/kunst-vom-fliessband-werkhalle-siebnen\/#breadcrumb\"},\"inLanguage\":\"en-US\",\"potentialAction\":[{\"@type\":\"ReadAction\",\"target\":[\"https:\/\/arthurfischercolbrie.com\/exhibitions\/kunst-vom-fliessband-werkhalle-siebnen\/\"]}]},{\"@type\":\"ImageObject\",\"inLanguage\":\"en-US\",\"@id\":\"https:\/\/arthurfischercolbrie.com\/exhibitions\/kunst-vom-fliessband-werkhalle-siebnen\/#primaryimage\",\"url\":\"https:\/\/arthurfischercolbrie.at\/wp-content\/uploads\/2020\/08\/kunst_vom_fliessband.jpg\",\"contentUrl\":\"https:\/\/arthurfischercolbrie.at\/wp-content\/uploads\/2020\/08\/kunst_vom_fliessband.jpg\"},{\"@type\":\"BreadcrumbList\",\"@id\":\"https:\/\/arthurfischercolbrie.com\/exhibitions\/kunst-vom-fliessband-werkhalle-siebnen\/#breadcrumb\",\"itemListElement\":[{\"@type\":\"ListItem\",\"position\":1,\"name\":\"Startseite\",\"item\":\"https:\/\/arthurfischercolbrie.com\/\"},{\"@type\":\"ListItem\",\"position\":2,\"name\":\"exhibitions\",\"item\":\"https:\/\/arthurfischercolbrie.com\/exhibitions\/\"},{\"@type\":\"ListItem\",\"position\":3,\"name\":\"Kunst vom Fliessband &#8211; Werkhalle Siebnen\"}]},{\"@type\":\"WebSite\",\"@id\":\"https:\/\/arthurfischercolbrie.com\/#website\",\"url\":\"https:\/\/arthurfischercolbrie.com\/\",\"name\":\"Arthur Fischer Colbrie\",\"description\":\"arts coaching design\",\"publisher\":{\"@id\":\"https:\/\/arthurfischercolbrie.com\/#\/schema\/person\/59d35fcae399446a42c59b5f758315fa\"},\"potentialAction\":[{\"@type\":\"SearchAction\",\"target\":{\"@type\":\"EntryPoint\",\"urlTemplate\":\"https:\/\/arthurfischercolbrie.com\/?s={search_term_string}\"},\"query-input\":{\"@type\":\"PropertyValueSpecification\",\"valueRequired\":true,\"valueName\":\"search_term_string\"}}],\"inLanguage\":\"en-US\"},{\"@type\":[\"Person\",\"Organization\"],\"@id\":\"https:\/\/arthurfischercolbrie.com\/#\/schema\/person\/59d35fcae399446a42c59b5f758315fa\",\"name\":\"arthurfischer\",\"image\":{\"@type\":\"ImageObject\",\"inLanguage\":\"en-US\",\"@id\":\"https:\/\/arthurfischercolbrie.com\/#\/schema\/person\/image\/\",\"url\":\"https:\/\/arthurfischercolbrie.com\/wp-content\/uploads\/2017\/08\/cropped-afc_logo_4c_neg600-2.png\",\"contentUrl\":\"https:\/\/arthurfischercolbrie.com\/wp-content\/uploads\/2017\/08\/cropped-afc_logo_4c_neg600-2.png\",\"width\":321,\"height\":250,\"caption\":\"arthurfischer\"},\"logo\":{\"@id\":\"https:\/\/arthurfischercolbrie.com\/#\/schema\/person\/image\/\"}}]}<\/script>\n<!-- \/ Yoast SEO plugin. -->","yoast_head_json":{"title":"Kunst vom Fliessband - Werkhalle Siebnen - Arthur Fischer Colbrie","description":"Bis zu 20 K\u00fcnstlerInnen produzieren Kunst vom Fliessband. In der Werkhalle 30A in Siebnen erwartet die Besucher eine besondere Performance.","robots":{"index":"index","follow":"follow","max-snippet":"max-snippet:-1","max-image-preview":"max-image-preview:large","max-video-preview":"max-video-preview:-1"},"canonical":"https:\/\/arthurfischercolbrie.com\/exhibitions\/kunst-vom-fliessband-werkhalle-siebnen\/","og_locale":"en_US","og_type":"article","og_title":"Kunst vom Fliessband in der Werkhalle 30A, Siebnen","og_description":"Bis zu 20 K\u00fcnstlerInnen produzieren Kunst vom Fliessband. In der Werkhalle 30A in Siebnen erwartet die Besucher eine besondere Performance.","og_url":"https:\/\/arthurfischercolbrie.com\/exhibitions\/kunst-vom-fliessband-werkhalle-siebnen\/","og_site_name":"Arthur Fischer Colbrie","article_modified_time":"2020-08-21T09:19:05+00:00","og_image":[{"width":750,"height":320,"url":"https:\/\/arthurfischercolbrie.com\/wp-content\/uploads\/2020\/08\/kunst_vom_fliessband.jpg","type":"image\/jpeg"}],"twitter_card":"summary_large_image","twitter_title":"Kunst vom Fliessband in der Werkhalle 30A, Siebnen","twitter_image":"https:\/\/arthurfischercolbrie.com\/wp-content\/uploads\/2020\/08\/kunst_vom_fliessband.jpg","twitter_misc":{"Est. reading time":"3 minutes"},"schema":{"@context":"https:\/\/schema.org","@graph":[{"@type":"WebPage","@id":"https:\/\/arthurfischercolbrie.com\/exhibitions\/kunst-vom-fliessband-werkhalle-siebnen\/","url":"https:\/\/arthurfischercolbrie.com\/exhibitions\/kunst-vom-fliessband-werkhalle-siebnen\/","name":"Kunst vom Fliessband - Werkhalle Siebnen - Arthur Fischer Colbrie","isPartOf":{"@id":"https:\/\/arthurfischercolbrie.com\/#website"},"primaryImageOfPage":{"@id":"https:\/\/arthurfischercolbrie.com\/exhibitions\/kunst-vom-fliessband-werkhalle-siebnen\/#primaryimage"},"image":{"@id":"https:\/\/arthurfischercolbrie.com\/exhibitions\/kunst-vom-fliessband-werkhalle-siebnen\/#primaryimage"},"thumbnailUrl":"https:\/\/arthurfischercolbrie.at\/wp-content\/uploads\/2020\/08\/kunst_vom_fliessband.jpg","datePublished":"2020-08-21T06:29:27+00:00","dateModified":"2020-08-21T09:19:05+00:00","description":"Bis zu 20 K\u00fcnstlerInnen produzieren Kunst vom Fliessband. In der Werkhalle 30A in Siebnen erwartet die Besucher eine besondere Performance.","breadcrumb":{"@id":"https:\/\/arthurfischercolbrie.com\/exhibitions\/kunst-vom-fliessband-werkhalle-siebnen\/#breadcrumb"},"inLanguage":"en-US","potentialAction":[{"@type":"ReadAction","target":["https:\/\/arthurfischercolbrie.com\/exhibitions\/kunst-vom-fliessband-werkhalle-siebnen\/"]}]},{"@type":"ImageObject","inLanguage":"en-US","@id":"https:\/\/arthurfischercolbrie.com\/exhibitions\/kunst-vom-fliessband-werkhalle-siebnen\/#primaryimage","url":"https:\/\/arthurfischercolbrie.at\/wp-content\/uploads\/2020\/08\/kunst_vom_fliessband.jpg","contentUrl":"https:\/\/arthurfischercolbrie.at\/wp-content\/uploads\/2020\/08\/kunst_vom_fliessband.jpg"},{"@type":"BreadcrumbList","@id":"https:\/\/arthurfischercolbrie.com\/exhibitions\/kunst-vom-fliessband-werkhalle-siebnen\/#breadcrumb","itemListElement":[{"@type":"ListItem","position":1,"name":"Startseite","item":"https:\/\/arthurfischercolbrie.com\/"},{"@type":"ListItem","position":2,"name":"exhibitions","item":"https:\/\/arthurfischercolbrie.com\/exhibitions\/"},{"@type":"ListItem","position":3,"name":"Kunst vom Fliessband &#8211; Werkhalle Siebnen"}]},{"@type":"WebSite","@id":"https:\/\/arthurfischercolbrie.com\/#website","url":"https:\/\/arthurfischercolbrie.com\/","name":"Arthur Fischer Colbrie","description":"arts coaching design","publisher":{"@id":"https:\/\/arthurfischercolbrie.com\/#\/schema\/person\/59d35fcae399446a42c59b5f758315fa"},"potentialAction":[{"@type":"SearchAction","target":{"@type":"EntryPoint","urlTemplate":"https:\/\/arthurfischercolbrie.com\/?s={search_term_string}"},"query-input":{"@type":"PropertyValueSpecification","valueRequired":true,"valueName":"search_term_string"}}],"inLanguage":"en-US"},{"@type":["Person","Organization"],"@id":"https:\/\/arthurfischercolbrie.com\/#\/schema\/person\/59d35fcae399446a42c59b5f758315fa","name":"arthurfischer","image":{"@type":"ImageObject","inLanguage":"en-US","@id":"https:\/\/arthurfischercolbrie.com\/#\/schema\/person\/image\/","url":"https:\/\/arthurfischercolbrie.com\/wp-content\/uploads\/2017\/08\/cropped-afc_logo_4c_neg600-2.png","contentUrl":"https:\/\/arthurfischercolbrie.com\/wp-content\/uploads\/2017\/08\/cropped-afc_logo_4c_neg600-2.png","width":321,"height":250,"caption":"arthurfischer"},"logo":{"@id":"https:\/\/arthurfischercolbrie.com\/#\/schema\/person\/image\/"}}]}},"_links":{"self":[{"href":"https:\/\/arthurfischercolbrie.com\/en\/wp-json\/wp\/v2\/pages\/940","targetHints":{"allow":["GET"]}}],"collection":[{"href":"https:\/\/arthurfischercolbrie.com\/en\/wp-json\/wp\/v2\/pages"}],"about":[{"href":"https:\/\/arthurfischercolbrie.com\/en\/wp-json\/wp\/v2\/types\/page"}],"author":[{"embeddable":true,"href":"https:\/\/arthurfischercolbrie.com\/en\/wp-json\/wp\/v2\/users\/1"}],"replies":[{"embeddable":true,"href":"https:\/\/arthurfischercolbrie.com\/en\/wp-json\/wp\/v2\/comments?post=940"}],"version-history":[{"count":9,"href":"https:\/\/arthurfischercolbrie.com\/en\/wp-json\/wp\/v2\/pages\/940\/revisions"}],"predecessor-version":[{"id":986,"href":"https:\/\/arthurfischercolbrie.com\/en\/wp-json\/wp\/v2\/pages\/940\/revisions\/986"}],"up":[{"embeddable":true,"href":"https:\/\/arthurfischercolbrie.com\/en\/wp-json\/wp\/v2\/pages\/342"}],"wp:attachment":[{"href":"https:\/\/arthurfischercolbrie.com\/en\/wp-json\/wp\/v2\/media?parent=940"}],"curies":[{"name":"wp","href":"https:\/\/api.w.org\/{rel}","templated":true}]}}